{"id":930,"date":"2016-06-14T01:53:06","date_gmt":"2016-06-14T00:53:06","guid":{"rendered":"https:\/\/the7.io\/construction\/?page_id=2"},"modified":"2019-06-04T14:30:09","modified_gmt":"2019-06-04T12:30:09","slug":"home","status":"publish","type":"page","link":"https:\/\/www.enles.si\/","title":{"rendered":"Domov"},"content":{"rendered":"<p>[vc_row css=&#8221;.vc_custom_1550648821271{padding-top: 50px !important;}&#8221;][vc_column][\/vc_column][\/vc_row][vc_row css=&#8221;.vc_custom_1554371646903{padding-top: 2px !important;}&#8221;][vc_column][\/vc_column][\/vc_row][vc_row equal_height=&#8221;yes&#8221;][vc_column width=&#8221;1\/3&#8243; css=&#8221;.vc_custom_1551103468647{margin-right: 2px !important;background-color: #4b4b4a !important;}&#8221;]<div id=\"ultimate-heading-386569ecb17110be7\" class=\"uvc-heading ult-adjust-bottom-margin ultimate-heading-386569ecb17110be7 uvc-603 \" data-hspacer=\"no_spacer\"  data-halign=\"left\" style=\"text-align:left\"><div class=\"uvc-heading-spacer no_spacer\" style=\"top\"><\/div><div class=\"uvc-main-heading ult-responsive\"  data-ultimate-target='.uvc-heading.ultimate-heading-386569ecb17110be7 h3'  data-responsive-json-new='{\"font-size\":\"desktop:38px;\",\"line-height\":\"desktop:48px;\"}' ><h3 style=\"font-weight:bold;color:#ffffff;margin-top:10px;margin-bottom:10px;\">MONTA\u017dNE LESENE HI\u0160E<\/h3><\/div><div class=\"uvc-sub-heading ult-responsive\"  data-ultimate-target='.uvc-heading.ultimate-heading-386569ecb17110be7 .uvc-sub-heading '  data-responsive-json-new='{\"font-size\":\"desktop:14px;\",\"line-height\":\"desktop:26px;\"}'  style=\"font-weight:normal;color:#ffffff;margin-top:20px;margin-bottom:20px;\">Masivne monta\u017ene lesene hi\u0161e grajene po sistemu MHM se odlikujejo z izjemnimi fizikalnimi ter izolativnimi lastnostmi samih sten. Ker je kot glavni gradbeni material uporabljen les brez dodatka lepil ali kakr\u0161nih koli kemikalij , je ta tehnika gradnje pogosto dele\u017ena pohval kot gradnja prihodnosti.<\/div><\/div>[\/vc_column][vc_column parallax=&#8221;content-moving&#8221; parallax_image=&#8221;1336&#8243; width=&#8221;2\/3&#8243;][\/vc_column][\/vc_row][vc_row equal_height=&#8221;yes&#8221; css=&#8221;.vc_custom_1554370868339{padding-top: 2px !important;}&#8221;][vc_column width=&#8221;1\/3&#8243; css=&#8221;.vc_custom_1554370717530{margin-right: 2px !important;background-color: #4b4b4a !important;}&#8221;]<div id=\"ultimate-heading-738069ecb17110c49\" class=\"uvc-heading ult-adjust-bottom-margin ultimate-heading-738069ecb17110c49 uvc-705 \" data-hspacer=\"no_spacer\"  data-halign=\"left\" style=\"text-align:left\"><div class=\"uvc-heading-spacer no_spacer\" style=\"top\"><\/div><div class=\"uvc-main-heading ult-responsive\"  data-ultimate-target='.uvc-heading.ultimate-heading-738069ecb17110c49 h3'  data-responsive-json-new='{\"font-size\":\"desktop:38px;\",\"line-height\":\"desktop:48px;\"}' ><h3 style=\"font-weight:bold;color:#ffffff;margin-top:10px;margin-bottom:10px;\">SVOBODNO PLANIRANJE OBJEKTOV<\/h3><\/div><div class=\"uvc-sub-heading ult-responsive\"  data-ultimate-target='.uvc-heading.ultimate-heading-738069ecb17110c49 .uvc-sub-heading '  data-responsive-json-new='{\"font-size\":\"desktop:14px;\",\"line-height\":\"desktop:26px;\"}'  style=\"font-weight:normal;color:#ffffff;margin-top:20px;margin-bottom:20px;\">Odli\u010dne fizikalne lastnosti sistema ENLES massive investitorju nudijo prosto pot do izgradnje sanjskega doma.<\/div><\/div>[\/vc_column][vc_column parallax=&#8221;content-moving&#8221; parallax_image=&#8221;1256&#8243; width=&#8221;1\/3&#8243;][\/vc_column][vc_column width=&#8221;1\/3&#8243; css=&#8221;.vc_custom_1554370706876{background-color: #4b4b4a !important;}&#8221;]<div id=\"ultimate-heading-440669ecb17110c79\" class=\"uvc-heading ult-adjust-bottom-margin ultimate-heading-440669ecb17110c79 uvc-4170 \" data-hspacer=\"no_spacer\"  data-halign=\"left\" style=\"text-align:left\"><div class=\"uvc-heading-spacer no_spacer\" style=\"top\"><\/div><div class=\"uvc-main-heading ult-responsive\"  data-ultimate-target='.uvc-heading.ultimate-heading-440669ecb17110c79 h3'  data-responsive-json-new='{\"font-size\":\"desktop:38px;\",\"line-height\":\"desktop:48px;\"}' ><h3 style=\"font-weight:bold;color:#ffffff;margin-top:10px;margin-bottom:10px;\">EKONOMI\u010cNA GRADNJA<\/h3><\/div><div class=\"uvc-sub-heading ult-responsive\"  data-ultimate-target='.uvc-heading.ultimate-heading-440669ecb17110c79 .uvc-sub-heading '  data-responsive-json-new='{\"font-size\":\"desktop:14px;\",\"line-height\":\"desktop:26px;\"}'  style=\"font-weight:normal;color:#ffffff;margin-top:20px;margin-bottom:20px;\">ENLES massive stene so trajnostna izbira gradnje, ki ne zahteva kasnej\u0161ega vzdr\u017eevanja.<\/div><\/div>[\/vc_column][\/vc_row][vc_row equal_height=&#8221;yes&#8221; disable_element=&#8221;yes&#8221;][vc_column width=&#8221;1\/3&#8243; css=&#8221;.vc_custom_1551103468647{margin-right: 2px !important;background-color: #4b4b4a !important;}&#8221;]<div id=\"ultimate-heading-478569ecb17110ca5\" class=\"uvc-heading ult-adjust-bottom-margin ultimate-heading-478569ecb17110ca5 uvc-4237 \" data-hspacer=\"no_spacer\"  data-halign=\"left\" style=\"text-align:left\"><div class=\"uvc-heading-spacer no_spacer\" style=\"top\"><\/div><div class=\"uvc-main-heading ult-responsive\"  data-ultimate-target='.uvc-heading.ultimate-heading-478569ecb17110ca5 h3'  data-responsive-json-new='{\"font-size\":\"desktop:38px;\",\"line-height\":\"desktop:48px;\"}' ><h3 style=\"font-weight:bold;color:#ffffff;margin-top:10px;margin-bottom:10px;\">EKONOMI\u010cNA GRADNJA<\/h3><\/div><div class=\"uvc-sub-heading ult-responsive\"  data-ultimate-target='.uvc-heading.ultimate-heading-478569ecb17110ca5 .uvc-sub-heading '  data-responsive-json-new='{\"font-size\":\"desktop:14px;\",\"line-height\":\"desktop:26px;\"}'  style=\"font-weight:normal;color:#ffffff;margin-top:20px;margin-bottom:20px;\">ENLES massive stene so trajnostna izbira gradnje, ki ne zahteva kasnej\u0161ega vzdr\u017eevanja.<\/div><\/div>[\/vc_column][vc_column parallax=&#8221;content-moving&#8221; parallax_image=&#8221;1258&#8243; width=&#8221;2\/3&#8243;][\/vc_column][\/vc_row][vc_row css=&#8221;.vc_custom_1551103203838{padding-top: 20px !important;}&#8221;][vc_column][\/vc_column][\/vc_row][vc_row content_placement=&#8221;middle&#8221; css=&#8221;.vc_custom_1559639193570{padding-top: 20px !important;}&#8221;][vc_column][\/vc_column][\/vc_row][vc_row css=&#8221;.vc_custom_1551103203838{padding-top: 20px !important;}&#8221;][vc_column][\/vc_column][\/vc_row][vc_row gap=&#8221;2&#8243; equal_height=&#8221;yes&#8221; css=&#8221;.vc_custom_1554369421254{margin-top: 2px !important;margin-bottom: 2px !important;}&#8221;][vc_column width=&#8221;1\/3&#8243; css=&#8221;.vc_custom_1554373067990{background-color: #4b4b4a !important;}&#8221;]<div id=\"ultimate-heading-940969ecb17110cce\" class=\"uvc-heading ult-adjust-bottom-margin ultimate-heading-940969ecb17110cce uvc-7266 \" data-hspacer=\"no_spacer\"  data-halign=\"left\" style=\"text-align:left\"><div class=\"uvc-heading-spacer no_spacer\" style=\"top\"><\/div><div class=\"uvc-main-heading ult-responsive\"  data-ultimate-target='.uvc-heading.ultimate-heading-940969ecb17110cce h3'  data-responsive-json-new='{\"font-size\":\"desktop:38px;\",\"line-height\":\"desktop:48px;\"}' ><h3 style=\"font-weight:bold;color:#ffffff;margin-top:10px;margin-bottom:10px;\">PROFILIRAN LES<\/h3><\/div><div class=\"uvc-sub-heading ult-responsive\"  data-ultimate-target='.uvc-heading.ultimate-heading-940969ecb17110cce .uvc-sub-heading '  data-responsive-json-new='{\"font-size\":\"desktop:14px;\",\"line-height\":\"desktop:26px;\"}'  style=\"font-weight:normal;color:#ffffff;margin-top:20px;margin-bottom:20px;\">Ladijski pod, opa\u017e, brune, lesene obloge,\u2026 Ta izdelek poznamo pod mnogo imeni, \u0161e ve\u010dja pa je njegova uporabnost. Prav zaradi tega te skromne deske kljubujejo \u010dasu, modernim gradbenim materialom in si zaradi ekolo\u0161kega vidika zopet pridobivajo nazaj nekdanji ugled.<\/div><\/div>[\/vc_column][vc_column parallax=&#8221;content-moving&#8221; width=&#8221;1\/3&#8243; css=&#8221;.vc_custom_1554369353828{background-color: #4b4b4a !important;}&#8221;]<div id=\"ultimate-heading-661769ecb17110cf5\" class=\"uvc-heading ult-adjust-bottom-margin ultimate-heading-661769ecb17110cf5 uvc-1188 \" data-hspacer=\"no_spacer\"  data-halign=\"left\" style=\"text-align:left\"><div class=\"uvc-heading-spacer no_spacer\" style=\"top\"><\/div><div class=\"uvc-main-heading ult-responsive\"  data-ultimate-target='.uvc-heading.ultimate-heading-661769ecb17110cf5 h3'  data-responsive-json-new='{\"font-size\":\"desktop:38px;\",\"line-height\":\"desktop:48px;\"}' ><h3 style=\"font-weight:bold;color:#ffffff;margin-top:10px;margin-bottom:10px;\">\u017dAGAN LES<\/h3><\/div><div class=\"uvc-sub-heading ult-responsive\"  data-ultimate-target='.uvc-heading.ultimate-heading-661769ecb17110cf5 .uvc-sub-heading '  data-responsive-json-new='{\"font-size\":\"desktop:14px;\",\"line-height\":\"desktop:26px;\"}'  style=\"font-weight:normal;color:#ffffff;margin-top:20px;margin-bottom:20px;\">\u017dagan les je eden izmed najenostavnej\u0161imi oblikami gradbenega materiala, pa vendarle je zaradi svoje majhne lastne te\u017ee ter izjemno dobrimi nosilnimi lastnostmi, nepogre\u0161ljiv gradnik pri ve\u010dini stre\u0161nih konstrukcij, njegova uporaba pa skorajda ne pozna meja.<\/div><\/div>[\/vc_column][vc_column width=&#8221;1\/3&#8243; css=&#8221;.vc_custom_1554373081693{background-color: #4b4b4a !important;}&#8221;]<div id=\"ultimate-heading-93869ecb17110d1e\" class=\"uvc-heading ult-adjust-bottom-margin ultimate-heading-93869ecb17110d1e uvc-2513 \" data-hspacer=\"no_spacer\"  data-halign=\"left\" style=\"text-align:left\"><div class=\"uvc-heading-spacer no_spacer\" style=\"top\"><\/div><div class=\"uvc-main-heading ult-responsive\"  data-ultimate-target='.uvc-heading.ultimate-heading-93869ecb17110d1e h3'  data-responsive-json-new='{\"font-size\":\"desktop:38px;\",\"line-height\":\"desktop:48px;\"}' ><h3 style=\"font-weight:bold;color:#ffffff;margin-top:10px;margin-bottom:10px;\">BIOMASA<\/h3><\/div><div class=\"uvc-sub-heading ult-responsive\"  data-ultimate-target='.uvc-heading.ultimate-heading-93869ecb17110d1e .uvc-sub-heading '  data-responsive-json-new='{\"font-size\":\"desktop:14px;\",\"line-height\":\"desktop:26px;\"}'  style=\"font-weight:normal;color:#ffffff;margin-top:20px;margin-bottom:20px;\">Kot stranski produkt \u017eagarskega obrata v ponudbi: \u017dagovina, oblanci, sekanci ter obrezline\/krajniki.<\/div><\/div>[\/vc_column][\/vc_row][vc_row gap=&#8221;2&#8243; equal_height=&#8221;yes&#8221; css=&#8221;.vc_custom_1559651271983{margin-top: 2px !important;margin-bottom: 2px !important;}&#8221;][vc_column width=&#8221;1\/3&#8243; css=&#8221;.vc_custom_1559651407300{background-color: #ffffff !important;}&#8221;][vc_single_image image=&#8221;981&#8243; img_size=&#8221;large&#8221; alignment=&#8221;center&#8221;][\/vc_column][vc_column width=&#8221;1\/3&#8243; css=&#8221;.vc_custom_1559651399110{background-color: #ffffff !important;}&#8221;][vc_single_image image=&#8221;982&#8243; img_size=&#8221;large&#8221; alignment=&#8221;center&#8221;][\/vc_column][vc_column width=&#8221;1\/3&#8243; css=&#8221;.vc_custom_1559651375469{background-color: #ffffff !important;}&#8221;][vc_single_image image=&#8221;983&#8243; img_size=&#8221;large&#8221; alignment=&#8221;center&#8221;][\/vc_column][\/vc_row][vc_row equal_height=&#8221;yes&#8221; disable_element=&#8221;yes&#8221; css=&#8221;.vc_custom_1554369431162{margin-top: 2px !important;margin-bottom: 2px !important;}&#8221;][vc_column parallax=&#8221;content-moving&#8221; parallax_image=&#8221;981&#8243; width=&#8221;1\/2&#8243;][\/vc_column][vc_column parallax=&#8221;content-moving&#8221; width=&#8221;1\/2&#8243; css=&#8221;.vc_custom_1554368538999{background-color: #4b4b4a !important;}&#8221;]<div id=\"ultimate-heading-119969ecb17110d45\" class=\"uvc-heading ult-adjust-bottom-margin ultimate-heading-119969ecb17110d45 uvc-163 \" data-hspacer=\"no_spacer\"  data-halign=\"left\" style=\"text-align:left\"><div class=\"uvc-heading-spacer no_spacer\" style=\"top\"><\/div><div class=\"uvc-main-heading ult-responsive\"  data-ultimate-target='.uvc-heading.ultimate-heading-119969ecb17110d45 h3'  data-responsive-json-new='{\"font-size\":\"desktop:38px;\",\"line-height\":\"desktop:48px;\"}' ><h3 style=\"font-weight:bold;color:#ffffff;margin-top:10px;margin-bottom:10px;\">PROFILIRAN LES<\/h3><\/div><div class=\"uvc-sub-heading ult-responsive\"  data-ultimate-target='.uvc-heading.ultimate-heading-119969ecb17110d45 .uvc-sub-heading '  data-responsive-json-new='{\"font-size\":\"desktop:14px;\",\"line-height\":\"desktop:26px;\"}'  style=\"font-weight:normal;color:#ffffff;margin-top:20px;margin-bottom:20px;\">Ladijski pod, opa\u017e, brune, lesene obloge,\u2026 Ta izdelek poznamo pod mnogo imeni, \u0161e ve\u010dja pa je njegova uporabnost. Prav zaradi tega te skromne deske kljubujejo \u010dasu, modernim gradbenim materialom in si zaradi ekolo\u0161kega vidika zopet pridobivajo nazaj nekdanji ugled.<\/div><\/div>[\/vc_column][\/vc_row][vc_row equal_height=&#8221;yes&#8221; disable_element=&#8221;yes&#8221; css=&#8221;.vc_custom_1554369436827{margin-top: 2px !important;margin-bottom: 2px !important;}&#8221;][vc_column parallax=&#8221;content-moving&#8221; width=&#8221;1\/2&#8243; css=&#8221;.vc_custom_1554368707476{background-color: #4b4b4a !important;}&#8221;]<div id=\"ultimate-heading-5269ecb17110d6b\" class=\"uvc-heading ult-adjust-bottom-margin ultimate-heading-5269ecb17110d6b uvc-7696 \" data-hspacer=\"no_spacer\"  data-halign=\"left\" style=\"text-align:left\"><div class=\"uvc-heading-spacer no_spacer\" style=\"top\"><\/div><div class=\"uvc-main-heading ult-responsive\"  data-ultimate-target='.uvc-heading.ultimate-heading-5269ecb17110d6b h3'  data-responsive-json-new='{\"font-size\":\"desktop:38px;\",\"line-height\":\"desktop:48px;\"}' ><h3 style=\"font-weight:bold;color:#ffffff;margin-top:10px;margin-bottom:10px;\">\u017dAGAN LES<\/h3><\/div><div class=\"uvc-sub-heading ult-responsive\"  data-ultimate-target='.uvc-heading.ultimate-heading-5269ecb17110d6b .uvc-sub-heading '  data-responsive-json-new='{\"font-size\":\"desktop:14px;\",\"line-height\":\"desktop:26px;\"}'  style=\"font-weight:normal;color:#ffffff;margin-top:20px;margin-bottom:20px;\">\u017dagan les je eden izmed najenostavnej\u0161imi oblikami gradbenega materiala, pa vendarle je zaradi svoje majhne lastne te\u017ee ter izjemno dobrimi nosilnimi lastnostmi, nepogre\u0161ljiv gradnik pri ve\u010dini stre\u0161nih konstrukcij, njegova uporaba pa skorajda ne pozna meja.<\/div><\/div>[\/vc_column][vc_column parallax=&#8221;content-moving&#8221; parallax_image=&#8221;982&#8243; width=&#8221;1\/2&#8243;][\/vc_column][\/vc_row][vc_row equal_height=&#8221;yes&#8221; disable_element=&#8221;yes&#8221; css=&#8221;.vc_custom_1554369442516{margin-top: 2px !important;margin-bottom: 2px !important;}&#8221;][vc_column parallax=&#8221;content-moving&#8221; parallax_image=&#8221;983&#8243; width=&#8221;1\/2&#8243;][\/vc_column][vc_column parallax=&#8221;content-moving&#8221; width=&#8221;1\/2&#8243; css=&#8221;.vc_custom_1554368867718{background-color: #4b4b4a !important;}&#8221;]<div id=\"ultimate-heading-252969ecb17110d91\" class=\"uvc-heading ult-adjust-bottom-margin ultimate-heading-252969ecb17110d91 uvc-8907 \" data-hspacer=\"no_spacer\"  data-halign=\"left\" style=\"text-align:left\"><div class=\"uvc-heading-spacer no_spacer\" style=\"top\"><\/div><div class=\"uvc-main-heading ult-responsive\"  data-ultimate-target='.uvc-heading.ultimate-heading-252969ecb17110d91 h3'  data-responsive-json-new='{\"font-size\":\"desktop:38px;\",\"line-height\":\"desktop:48px;\"}' ><h3 style=\"font-weight:bold;color:#ffffff;margin-top:10px;margin-bottom:10px;\">BIOMASA<\/h3><\/div><div class=\"uvc-sub-heading ult-responsive\"  data-ultimate-target='.uvc-heading.ultimate-heading-252969ecb17110d91 .uvc-sub-heading '  data-responsive-json-new='{\"font-size\":\"desktop:14px;\",\"line-height\":\"desktop:26px;\"}'  style=\"font-weight:normal;color:#ffffff;margin-top:20px;margin-bottom:20px;\">Kot stranski produkt \u017eagarskega obrata v ponudbi: \u017dagovina, oblanci, sekanci ter obrezline\/krajniki.<\/div><\/div>[\/vc_column][\/vc_row][vc_row equal_height=&#8221;yes&#8221; disable_element=&#8221;yes&#8221; css=&#8221;.vc_custom_1554368913770{margin-top: 2px !important;margin-bottom: 2px !important;}&#8221;][vc_column parallax=&#8221;content-moving&#8221; parallax_image=&#8221;981&#8243; width=&#8221;1\/3&#8243;]<div id=\"ultimate-heading-762069ecb17110db6\" class=\"uvc-heading ult-adjust-bottom-margin ultimate-heading-762069ecb17110db6 uvc-7561 \" data-hspacer=\"no_spacer\"  data-halign=\"left\" style=\"text-align:left\"><div class=\"uvc-heading-spacer no_spacer\" style=\"top\"><\/div><div class=\"uvc-main-heading ult-responsive\"  data-ultimate-target='.uvc-heading.ultimate-heading-762069ecb17110db6 h3'  data-responsive-json-new='{\"font-size\":\"desktop:38px;\",\"line-height\":\"desktop:48px;\"}' ><h3 style=\"font-weight:bold;color:#4b4b4a;margin-top:10px;margin-bottom:10px;\">PROFILIRAN LES<\/h3><\/div><div class=\"uvc-sub-heading ult-responsive\"  data-ultimate-target='.uvc-heading.ultimate-heading-762069ecb17110db6 .uvc-sub-heading '  data-responsive-json-new='{\"font-size\":\"desktop:14px;\",\"line-height\":\"desktop:26px;\"}'  style=\"font-weight:normal;color:#4b4b4a;margin-top:20px;margin-bottom:20px;\">Ladijski pod, opa\u017e, brune, lesene obloge,\u2026 Ta izdelek poznamo pod mnogo imeni, \u0161e ve\u010dja pa je njegova uporabnost. Prav zaradi tega te skromne deske kljubujejo \u010dasu, modernim gradbenim materialom in si zaradi ekolo\u0161kega vidika zopet pridobivajo nazaj nekdanji ugled.<\/div><\/div>[\/vc_column][vc_column parallax=&#8221;content-moving&#8221; parallax_image=&#8221;982&#8243; width=&#8221;1\/3&#8243;]<div id=\"ultimate-heading-576869ecb17110ddc\" class=\"uvc-heading ult-adjust-bottom-margin ultimate-heading-576869ecb17110ddc uvc-5824 \" data-hspacer=\"no_spacer\"  data-halign=\"left\" style=\"text-align:left\"><div class=\"uvc-heading-spacer no_spacer\" style=\"top\"><\/div><div class=\"uvc-main-heading ult-responsive\"  data-ultimate-target='.uvc-heading.ultimate-heading-576869ecb17110ddc h3'  data-responsive-json-new='{\"font-size\":\"desktop:38px;\",\"line-height\":\"desktop:48px;\"}' ><h3 style=\"font-weight:bold;color:#ffffff;margin-top:10px;margin-bottom:10px;\">\u017dAGAN LES<\/h3><\/div><div class=\"uvc-sub-heading ult-responsive\"  data-ultimate-target='.uvc-heading.ultimate-heading-576869ecb17110ddc .uvc-sub-heading '  data-responsive-json-new='{\"font-size\":\"desktop:14px;\",\"line-height\":\"desktop:26px;\"}'  style=\"font-weight:normal;color:#ffffff;margin-top:20px;margin-bottom:20px;\">\u017dagan les je eden izmed najenostavnej\u0161imi oblikami gradbenega materiala, pa vendarle je zaradi svoje majhne lastne te\u017ee ter izjemno dobrimi nosilnimi lastnostmi, nepogre\u0161ljiv gradnik pri ve\u010dini stre\u0161nih konstrukcij, njegova uporaba pa skorajda ne pozna meja.<\/div><\/div>[\/vc_column][vc_column parallax=&#8221;content-moving&#8221; parallax_image=&#8221;983&#8243; width=&#8221;1\/3&#8243;]<div id=\"ultimate-heading-361469ecb17110e11\" class=\"uvc-heading ult-adjust-bottom-margin ultimate-heading-361469ecb17110e11 uvc-1288 \" data-hspacer=\"no_spacer\"  data-halign=\"left\" style=\"text-align:left\"><div class=\"uvc-heading-spacer no_spacer\" style=\"top\"><\/div><div class=\"uvc-main-heading ult-responsive\"  data-ultimate-target='.uvc-heading.ultimate-heading-361469ecb17110e11 h3'  data-responsive-json-new='{\"font-size\":\"desktop:38px;\",\"line-height\":\"desktop:48px;\"}' ><h3 style=\"font-weight:bold;color:#ffffff;margin-top:10px;margin-bottom:10px;\">BIOMASA<\/h3><\/div><div class=\"uvc-sub-heading ult-responsive\"  data-ultimate-target='.uvc-heading.ultimate-heading-361469ecb17110e11 .uvc-sub-heading '  data-responsive-json-new='{\"font-size\":\"desktop:14px;\",\"line-height\":\"desktop:26px;\"}'  style=\"font-weight:normal;color:#ffffff;margin-top:20px;margin-bottom:20px;\">Kot stranski produkt \u017eagarskega obrata v ponudbi: \u017dagovina, oblanci, sekanci ter obrezline\/krajniki.<\/div><\/div>[\/vc_column][\/vc_row][vc_row equal_height=&#8221;yes&#8221; disable_element=&#8221;yes&#8221;][vc_column parallax=&#8221;content-moving&#8221; parallax_image=&#8221;1153&#8243; width=&#8221;2\/3&#8243;][\/vc_column][vc_column width=&#8221;1\/3&#8243; css=&#8221;.vc_custom_1551103480675{margin-left: 2px !important;background-color: #4b4b4a !important;}&#8221;]<div id=\"ultimate-heading-605069ecb17110e37\" class=\"uvc-heading ult-adjust-bottom-margin ultimate-heading-605069ecb17110e37 uvc-7487 \" data-hspacer=\"no_spacer\"  data-halign=\"left\" style=\"text-align:left\"><div class=\"uvc-heading-spacer no_spacer\" style=\"top\"><\/div><div class=\"uvc-main-heading ult-responsive\"  data-ultimate-target='.uvc-heading.ultimate-heading-605069ecb17110e37 h3'  data-responsive-json-new='{\"font-size\":\"desktop:38px;\",\"line-height\":\"desktop:48px;\"}' ><h3 style=\"font-weight:bold;color:#ffffff;margin-top:10px;margin-bottom:10px;\">LOREM IPSUM DOLOR SIT AMET, CONSECTETUR ADIPISCING ELIT<\/h3><\/div><div class=\"uvc-sub-heading ult-responsive\"  data-ultimate-target='.uvc-heading.ultimate-heading-605069ecb17110e37 .uvc-sub-heading '  data-responsive-json-new='{\"font-size\":\"desktop:14px;\",\"line-height\":\"desktop:26px;\"}'  style=\"font-weight:normal;color:#ffffff;margin-top:20px;margin-bottom:20px;\">Nulla ligula arcu, faucibus id vestibulum vitae, aliquam non ipsum. Sed fermentum placerat justo. Pellentesque commodo, mi sed efficitur ornare, eros ligula ullamcorper massa, id iaculis justo justo et ipsum. Ut vestibulum arcu vestibulum ligula cursus, tempor egestas leo egestas. Aenean et elit imperdiet, molestie mauris eu, rutrum sem. Fusce a porttitor erat. Integer mattis ante a ligula tincidunt placerat.<\/div><\/div>[\/vc_column][\/vc_row]<\/p>\n","protected":false},"excerpt":{"rendered":"<p>[vc_row css=&#8221;.vc_custom_1550648821271{padding-top: 50px !important;}&#8221;][vc_column][\/vc_column][\/vc_row][vc_row css=&#8221;.vc_custom_1554371646903{padding-top: 2px !important;}&#8221;][vc_column][\/vc_column][\/vc_row][vc_row equal_height=&#8221;yes&#8221;][vc_column width=&#8221;1\/3&#8243; css=&#8221;.vc_custom_1551103468647{margin-right: 2px !important;background-color: #4b4b4a !important;}&#8221;][\/vc_column][vc_column parallax=&#8221;content-moving&#8221; parallax_image=&#8221;1336&#8243; width=&#8221;2\/3&#8243;][\/vc_column][\/vc_row][vc_row equal_height=&#8221;yes&#8221; css=&#8221;.vc_custom_1554370868339{padding-top: 2px !important;}&#8221;][vc_column width=&#8221;1\/3&#8243; css=&#8221;.vc_custom_1554370717530{margin-right: 2px !important;background-color: #4b4b4a !important;}&#8221;][\/vc_column][vc_column parallax=&#8221;content-moving&#8221; parallax_image=&#8221;1256&#8243; width=&#8221;1\/3&#8243;][\/vc_column][vc_column width=&#8221;1\/3&#8243; css=&#8221;.vc_custom_1554370706876{background-color: #4b4b4a !important;}&#8221;][\/vc_column][\/vc_row][vc_row equal_height=&#8221;yes&#8221; disable_element=&#8221;yes&#8221;][vc_column width=&#8221;1\/3&#8243; css=&#8221;.vc_custom_1551103468647{margin-right: 2px !important;background-color: #4b4b4a !important;}&#8221;][\/vc_column][vc_column parallax=&#8221;content-moving&#8221; parallax_image=&#8221;1258&#8243; width=&#8221;2\/3&#8243;][\/vc_column][\/vc_row][vc_row css=&#8221;.vc_custom_1551103203838{padding-top: 20px !important;}&#8221;][vc_column][\/vc_column][\/vc_row][vc_row content_placement=&#8221;middle&#8221; css=&#8221;.vc_custom_1559639193570{padding-top: 20px !important;}&#8221;][vc_column][\/vc_column][\/vc_row][vc_row css=&#8221;.vc_custom_1551103203838{padding-top: 20px !important;}&#8221;][vc_column][\/vc_column][\/vc_row][vc_row&hellip;<\/p>\n","protected":false},"author":1,"featured_media":0,"parent":0,"menu_order":0,"comment_status":"closed","ping_status":"closed","template":"","meta":[],"_links":{"self":[{"href":"https:\/\/www.enles.si\/index.php\/wp-json\/wp\/v2\/pages\/930"}],"collection":[{"href":"https:\/\/www.enles.si\/index.php\/wp-json\/wp\/v2\/pages"}],"about":[{"href":"https:\/\/www.enles.si\/index.php\/wp-json\/wp\/v2\/types\/page"}],"author":[{"embeddable":true,"href":"https:\/\/www.enles.si\/index.php\/wp-json\/wp\/v2\/users\/1"}],"replies":[{"embeddable":true,"href":"https:\/\/www.enles.si\/index.php\/wp-json\/wp\/v2\/comments?post=930"}],"version-history":[{"count":152,"href":"https:\/\/www.enles.si\/index.php\/wp-json\/wp\/v2\/pages\/930\/revisions"}],"predecessor-version":[{"id":1452,"href":"https:\/\/www.enles.si\/index.php\/wp-json\/wp\/v2\/pages\/930\/revisions\/1452"}],"wp:attachment":[{"href":"https:\/\/www.enles.si\/index.php\/wp-json\/wp\/v2\/media?parent=930"}],"curies":[{"name":"wp","href":"https:\/\/api.w.org\/{rel}","templated":true}]}}